{"id":565,"date":"2019-12-27T11:46:49","date_gmt":"2019-12-27T11:46:49","guid":{"rendered":"https:\/\/stimmforum-tann.de\/wp\/?page_id=565"},"modified":"2020-01-02T07:07:54","modified_gmt":"2020-01-02T07:07:54","slug":"sprechen","status":"publish","type":"page","link":"https:\/\/stimmforum-tann.de\/wp\/sprechen\/","title":{"rendered":"Sprechen"},"content":{"rendered":"\n<p>Das <strong>Sprechen<\/strong> ist technisch betrachtet der Gebrauch der menschlichen Stimme f\u00fcr eine zwischenmenschliche Interaktion. Dabei werden gezielte Bewegungen der Lippen, der Zunge, des Gaumens unter Mitwirkung der Z\u00e4hne eingesetzt und der Kehlkopf samt Stimmb\u00e4nder benutzt. <\/p>\n\n\n\n<p>Aber auch die meisten Tiere sind in der Lage sich mit Lauten zu verst\u00e4ndigen und trotzdem sprechen sie im eigentlichen Sinne nicht. Denn zum Sprechen geh\u00f6rt eine Sprache, also festgelegte Begriffe f\u00fcr Handlungen, Gegenst\u00e4nde und Befindlichkeiten. Die menschliche Sprache ist in dieser ausgereiften Form eine einzigartige, sehr akkurate Art der Kommunikation. W\u00e4hrend Gestik, Mimik und K\u00f6rpersprache ebenfalls sehr wichtig sind, werden detaillierte Informationen \u00fcber das Sprechen vermittelt. Gerade die Themen der modernen Zivilisation lie\u00dfen sich allein \u00fcber K\u00f6rpersprache nicht vermitteln. <\/p>\n\n\n\n<p>Wer aus physischen oder psychischen Gr\u00fcnden nicht oder nicht richtig sprechen kann, hat es schwer. Er ist auch in der heutigen Zeit in Gefahr, in vielen Bereichen des Lebens benachteiligt und isoliert zu sein. Deshalb ist es so wichtig, das Sprechverm\u00f6gen so weit es geht zu f\u00f6rdern und <a href=\"https:\/\/stimmforum-tann.de\/wp\/sprech-und-sprachterapie\/\">Therapieangebote<\/a>  zu finden, die Sprechst\u00f6rungen bessern k\u00f6nnen. <\/p>\n\n\n\n<p><\/p>\n","protected":false},"excerpt":{"rendered":"<p>Das Sprechen ist technisch betrachtet der Gebrauch der menschlichen Stimme f\u00fcr eine zwischenmenschliche Interaktion. Dabei werden gezielte Bewegungen der Lippen, der Zunge, des Gaumens unter &hellip; <\/p>\n","protected":false},"author":2,"featured_media":0,"parent":0,"menu_order":0,"comment_status":"closed","ping_status":"closed","template":"","meta":{"footnotes":""},"class_list":["post-565","page","type-page","status-publish","hentry"],"_links":{"self":[{"href":"https:\/\/stimmforum-tann.de\/wp\/wp-json\/wp\/v2\/pages\/565","targetHints":{"allow":["GET"]}}],"collection":[{"href":"https:\/\/stimmforum-tann.de\/wp\/wp-json\/wp\/v2\/pages"}],"about":[{"href":"https:\/\/stimmforum-tann.de\/wp\/wp-json\/wp\/v2\/types\/page"}],"author":[{"embeddable":true,"href":"https:\/\/stimmforum-tann.de\/wp\/wp-json\/wp\/v2\/users\/2"}],"replies":[{"embeddable":true,"href":"https:\/\/stimmforum-tann.de\/wp\/wp-json\/wp\/v2\/comments?post=565"}],"version-history":[{"count":8,"href":"https:\/\/stimmforum-tann.de\/wp\/wp-json\/wp\/v2\/pages\/565\/revisions"}],"predecessor-version":[{"id":958,"href":"https:\/\/stimmforum-tann.de\/wp\/wp-json\/wp\/v2\/pages\/565\/revisions\/958"}],"wp:attachment":[{"href":"https:\/\/stimmforum-tann.de\/wp\/wp-json\/wp\/v2\/media?parent=565"}],"curies":[{"name":"wp","href":"https:\/\/api.w.org\/{rel}","templated":true}]}}